{"id":90,"date":"2020-12-06T16:48:38","date_gmt":"2020-12-06T16:48:38","guid":{"rendered":"http:\/\/favrskov-ridecenter.dk\/?page_id=90"},"modified":"2025-04-02T08:37:28","modified_gmt":"2025-04-02T08:37:28","slug":"hvem-er-vi","status":"publish","type":"page","link":"https:\/\/favrskov-ridecenter.dk\/?page_id=90","title":{"rendered":"Kolborg Equestrian &#8211; hvem er vi?"},"content":{"rendered":"<p><strong>Kolborg Equestrian<\/strong> er en professionel tr\u00e6nings- og salgsstald, drevet af Thomas Kolborg Johansen og Camilla Vincents. Vi tilbyder uddannelse og salg af prim\u00e6rt springheste, samt undervisning p\u00e5 alle niveauer. Vores m\u00e5l er at skabe et kvalitetsmilj\u00f8, hvor b\u00e5de heste og ryttere udvikles og trives, og vi l\u00e6gger stor v\u00e6gt p\u00e5 skr\u00e6ddersyede tr\u00e6ningsprogrammer, der tager hensyn til den enkelte hests behov og udviklingspotentiale.<\/p>\n<p><strong>Kort om os:<\/strong><br \/>\nThomas Kolborg Johansen har tidligere boet 5 \u00e5r i Tyskland. Han er udl\u00e6rt berider ved S\u00f8ren Pedersen i Tyskland, og har desuden v\u00e6ret ansat hos Paul Schockem\u00f6hle. Thomas er opvokset i Hammel og har gennem sine ungdoms\u00e5r redet mange nationale og internationale st\u00e6vner med gode resultater. Thomas har opn\u00e5et utrolig mange flotte resultater, heriblandt kan n\u00e6vnes mange placeringer i klasser p\u00e5 til 145 cm, og bl.a. en guldmedalje ved Weser-Ems Meisterschaft og ved Jysk Mesterskab i 2020.<\/p>\n<p>Camilla Vincents har tidligere v\u00e6ret ansat som rytter 4 \u00e5r i udlandet. F\u00f8rste \u00e5r var i hun ansat i en salgsstald \u201cStall Karupslund\u201d i Sverige, og de efterf\u00f8lgende 3 \u00e5r i Tyskland i hhv. en privat konkurrencestald og ved Paul Schockem\u00f6hle. Hun er opvokset i Nordsj\u00e6lland, og har ogs\u00e5 gennem sine ungdoms\u00e5r v\u00e6ret p\u00e5 landsholdet for U18 og U21 og redet mange nationale og internationale st\u00e6vner med flotte resultater i klasser op til 145 cm, hertil kan bl.a. en guldmedalje ved indend\u00f8rs DM for junior n\u00e6vnes. Camilla arbejder pt. som Digital Marketing Koordinator i Skanderborg ved siden arbejdet med hestene.<\/p>\n<p>B\u00e5de Thomas og Camilla har mange \u00e5rs erfaring med uddannelse af ungheste og har opn\u00e5et stor viden om at l\u00e6se hestens signaler og tilpasse tr\u00e6ningen til dens individuelle behov. Vi arbejder med stor omhu og t\u00e5lmodighed, og vi sikrer, at hver hest f\u00e5r den rette opm\u00e6rksomhed og udvikling, den fortjener. Vi ser frem til at starte denne nye rejse, hvor vi b\u00e5de vil drive ridecenteret og vores forretning, samtidig med at vi st\u00e5r overfor den sp\u00e6ndende titel som kommende for\u00e6ldre, der snart venter os. Det bliver en travl og fantastisk tid, og vi gl\u00e6der os til at tage alle disse nye skridt sammen.<\/p>\n<p>Du er altid velkomne til at ringe og f\u00e5 en uforpligtende snak eller udfylde nedenst\u00e5ende kontaktformular.<\/p>\n<p><strong>Kontaktinformation:<\/strong><br \/>\nThomas +45 31698251<br \/>\nCamilla +45 20213942<br \/>\nEmail: kolborgequestrian@gmail.com<\/p>\n<p>&nbsp;<\/p>\n\n<div class=\"wpcf7 no-js\" id=\"wpcf7-f388-o1\" lang=\"da-DK\" dir=\"ltr\" data-wpcf7-id=\"388\">\n<div class=\"screen-reader-response\"><p role=\"status\" aria-live=\"polite\" aria-atomic=\"true\"><\/p> <ul><\/ul><\/div>\n<form action=\"\/index.php?rest_route=%2Fwp%2Fv2%2Fpages%2F90#wpcf7-f388-o1\" method=\"post\" class=\"wpcf7-form init\" aria-label=\"Kontaktformular\" novalidate=\"novalidate\" data-status=\"init\">\n<div style=\"display: none;\">\n<input type=\"hidden\" name=\"_wpcf7\" value=\"388\" \/>\n<input type=\"hidden\" name=\"_wpcf7_version\" value=\"6.0.4\" \/>\n<input type=\"hidden\" name=\"_wpcf7_locale\" value=\"da_DK\" \/>\n<input type=\"hidden\" name=\"_wpcf7_unit_tag\" value=\"wpcf7-f388-o1\" \/>\n<input type=\"hidden\" name=\"_wpcf7_container_post\" value=\"0\" \/>\n<input type=\"hidden\" name=\"_wpcf7_posted_data_hash\" value=\"\" \/>\n<\/div>\n<p><label> Dit navn<br \/>\n<span class=\"wpcf7-form-control-wrap\" data-name=\"your-name\"><input size=\"40\" maxlength=\"400\" class=\"wpcf7-form-control wpcf7-text wpcf7-validates-as-required\" autocomplete=\"name\" aria-required=\"true\" aria-invalid=\"false\" value=\"\" type=\"text\" name=\"your-name\" \/><\/span> <\/label>\n<\/p>\n<p><label> Din e-mail<br \/>\n<span class=\"wpcf7-form-control-wrap\" data-name=\"your-email\"><input size=\"40\" maxlength=\"400\" class=\"wpcf7-form-control wpcf7-email wpcf7-validates-as-required wpcf7-text wpcf7-validates-as-email\" autocomplete=\"email\" aria-required=\"true\" aria-invalid=\"false\" value=\"\" type=\"email\" name=\"your-email\" \/><\/span> <\/label>\n<\/p>\n<p><label> Emne<br \/>\n<span class=\"wpcf7-form-control-wrap\" data-name=\"your-subject\"><input size=\"40\" maxlength=\"400\" class=\"wpcf7-form-control wpcf7-text wpcf7-validates-as-required\" aria-required=\"true\" aria-invalid=\"false\" value=\"\" type=\"text\" name=\"your-subject\" \/><\/span> <\/label>\n<\/p>\n<p><label> Din besked (valgfri)<br \/>\n<span class=\"wpcf7-form-control-wrap\" data-name=\"your-message\"><textarea cols=\"40\" rows=\"10\" maxlength=\"2000\" class=\"wpcf7-form-control wpcf7-textarea\" aria-invalid=\"false\" name=\"your-message\"><\/textarea><\/span> <\/label>\n<\/p>\n<p><input class=\"wpcf7-form-control wpcf7-submit has-spinner\" type=\"submit\" value=\"Send\" \/>\n<\/p><div class=\"wpcf7-response-output\" aria-hidden=\"true\"><\/div>\n<\/form>\n<\/div>\n\n","protected":false},"excerpt":{"rendered":"<p>Kolborg Equestrian er en professionel tr\u00e6nings- og salgsstald, drevet af Thomas Kolborg Johansen og Camilla Vincents. Vi tilbyder uddannelse og salg af prim\u00e6rt springheste, samt undervisning p\u00e5 alle niveauer. Vores m\u00e5l er at skabe et kvalitetsmilj\u00f8, hvor b\u00e5de heste og ryttere udvikles og trives, og vi l\u00e6gger stor v\u00e6gt p\u00e5 skr\u00e6ddersyede tr\u00e6ningsprogrammer, der tager hensyn [&hellip;]<\/p>\n","protected":false},"author":2,"featured_media":0,"parent":0,"menu_order":0,"comment_status":"closed","ping_status":"closed","template":"","meta":{"footnotes":""},"class_list":["post-90","page","type-page","status-publish","hentry"],"_links":{"self":[{"href":"https:\/\/favrskov-ridecenter.dk\/index.php?rest_route=\/wp\/v2\/pages\/90","targetHints":{"allow":["GET"]}}],"collection":[{"href":"https:\/\/favrskov-ridecenter.dk\/index.php?rest_route=\/wp\/v2\/pages"}],"about":[{"href":"https:\/\/favrskov-ridecenter.dk\/index.php?rest_route=\/wp\/v2\/types\/page"}],"author":[{"embeddable":true,"href":"https:\/\/favrskov-ridecenter.dk\/index.php?rest_route=\/wp\/v2\/users\/2"}],"replies":[{"embeddable":true,"href":"https:\/\/favrskov-ridecenter.dk\/index.php?rest_route=%2Fwp%2Fv2%2Fcomments&post=90"}],"version-history":[{"count":22,"href":"https:\/\/favrskov-ridecenter.dk\/index.php?rest_route=\/wp\/v2\/pages\/90\/revisions"}],"predecessor-version":[{"id":406,"href":"https:\/\/favrskov-ridecenter.dk\/index.php?rest_route=\/wp\/v2\/pages\/90\/revisions\/406"}],"wp:attachment":[{"href":"https:\/\/favrskov-ridecenter.dk\/index.php?rest_route=%2Fwp%2Fv2%2Fmedia&parent=90"}],"curies":[{"name":"wp","href":"https:\/\/api.w.org\/{rel}","templated":true}]}}