{"id":42,"date":"2020-12-05T17:27:22","date_gmt":"2020-12-05T17:27:22","guid":{"rendered":"http:\/\/favrskov-ridecenter.dk\/?page_id=42"},"modified":"2026-01-30T12:35:17","modified_gmt":"2026-01-30T12:35:17","slug":"opstaldnings-priser","status":"publish","type":"page","link":"https:\/\/favrskov-ridecenter.dk\/?page_id=42","title":{"rendered":"Opstaldnings priser"},"content":{"rendered":"<h1>Hvad koster det at have sin hest p\u00e5 Favrskov Ridecenter.<\/h1>\n<p><strong>Fuldpas 4326,- kr.pr md.<\/strong> \/ S\u00e5 f\u00e5r du ud og indluk i alle ugens 5 dage + udluk i weekenden.Du skal selv s\u00f8rge for <strong>indluk<\/strong> i weekenden.\u00a0 Udmugning alle 7 dage. H\u00f8\/wrap\u00a0 i boksen + skovkort. Du skal selv s\u00f8rge for foder i afm\u00e5lte poser,\u00a0 vi\u00a0 s\u00f8rger for bunden i boksen, hestene st\u00e5r p\u00e5 halmpiller som genbruges p\u00e5 biogasanl\u00e6ggene til varme. Der er\u00a0 12 s\u00e6kke halmpiller med i prisen.<\/p>\n<p><strong>Hvis du selv vil muge kan priserne se s\u00e5dan ud &#8211;<\/strong><\/p>\n<p><b>Boks 3576,- pr md. <\/b>inkl h\u00f8 i boksen, skovkort, ud\/indluk i alle ugens 5 dage + udluk i weekenden<b>. <\/b>Der er 12 s\u00e6kke halmpiller med i prisen.<b>( vi har 8 bokse der er st\u00f8rre end de andre &#8211; de koster 3676,)<\/b> foder \u00a0kommer oven i.<\/p>\n<p><strong>Ekstra ydelser :<\/strong><\/p>\n<p>Gamacher\/klokker\/fluemaske\/hals luk 150 kr. pr md.<\/p>\n<p>D\u00e6kkenskift 500 kr. pr md.<\/p>\n<p>H\u00f8 afm\u00e5lt p\u00e5 folden 3 kr. pr kg.<\/p>\n<p>Udbringning af minibig p\u00e5 folden ( der ikke er k\u00f8bt p\u00e5 stedet ) 50 kr.<\/p>\n<p>K\u00f8b af rundballe + udbringning p\u00e5 folden 550 kr.<\/p>\n<p>Ekstra halmpiller 15 kg. 57,5 kr.\/ Easy str\u00f8 127,5 kr.<\/p>\n<p>Du skal v\u00e6re medlem af Favr rideklub n\u00e5r du st\u00e5r opstaldet p\u00e5 Favrskov ridecenter. Det koster 600 kr pr \u00e5r.<\/p>\n<p>Der er et depositum p\u00e5 2000 kr. n\u00e5r du lejer en boks. Dette f\u00e5r du retur igen n\u00e5r du opsiger din boks, hvis den er gjort ren og ikke misligholdt.<\/p>\n<p><img loading=\"lazy\" decoding=\"async\" class=\"alignnone size-medium wp-image-59\" src=\"http:\/\/favrskov-ridecenter.dk\/wp-content\/uploads\/2020\/12\/20190717_200436-225x300.jpg\" alt=\"\" width=\"225\" height=\"300\" srcset=\"https:\/\/favrskov-ridecenter.dk\/wp-content\/uploads\/2020\/12\/20190717_200436-225x300.jpg 225w, https:\/\/favrskov-ridecenter.dk\/wp-content\/uploads\/2020\/12\/20190717_200436-768x1024.jpg 768w, https:\/\/favrskov-ridecenter.dk\/wp-content\/uploads\/2020\/12\/20190717_200436-1152x1536.jpg 1152w, https:\/\/favrskov-ridecenter.dk\/wp-content\/uploads\/2020\/12\/20190717_200436-1536x2048.jpg 1536w, https:\/\/favrskov-ridecenter.dk\/wp-content\/uploads\/2020\/12\/20190717_200436-scaled.jpg 1920w\" sizes=\"auto, (max-width: 225px) 100vw, 225px\" \/> <img loading=\"lazy\" decoding=\"async\" class=\"alignnone size-medium wp-image-252\" src=\"http:\/\/favrskov-ridecenter.dk\/wp-content\/uploads\/2022\/11\/FB_IMG_1661677908510-158x300.jpg\" alt=\"\" width=\"158\" height=\"300\" srcset=\"https:\/\/favrskov-ridecenter.dk\/wp-content\/uploads\/2022\/11\/FB_IMG_1661677908510-158x300.jpg 158w, https:\/\/favrskov-ridecenter.dk\/wp-content\/uploads\/2022\/11\/FB_IMG_1661677908510-540x1024.jpg 540w, https:\/\/favrskov-ridecenter.dk\/wp-content\/uploads\/2022\/11\/FB_IMG_1661677908510-768x1457.jpg 768w, https:\/\/favrskov-ridecenter.dk\/wp-content\/uploads\/2022\/11\/FB_IMG_1661677908510.jpg 771w\" sizes=\"auto, (max-width: 158px) 100vw, 158px\" \/> <img loading=\"lazy\" decoding=\"async\" class=\"alignnone size-medium wp-image-257\" src=\"http:\/\/favrskov-ridecenter.dk\/wp-content\/uploads\/2022\/11\/20221120_103250-1-135x300.jpg\" alt=\"\" width=\"135\" height=\"300\" srcset=\"https:\/\/favrskov-ridecenter.dk\/wp-content\/uploads\/2022\/11\/20221120_103250-1-135x300.jpg 135w, https:\/\/favrskov-ridecenter.dk\/wp-content\/uploads\/2022\/11\/20221120_103250-1-461x1024.jpg 461w, https:\/\/favrskov-ridecenter.dk\/wp-content\/uploads\/2022\/11\/20221120_103250-1-768x1705.jpg 768w, https:\/\/favrskov-ridecenter.dk\/wp-content\/uploads\/2022\/11\/20221120_103250-1-692x1536.jpg 692w, https:\/\/favrskov-ridecenter.dk\/wp-content\/uploads\/2022\/11\/20221120_103250-1-922x2048.jpg 922w, https:\/\/favrskov-ridecenter.dk\/wp-content\/uploads\/2022\/11\/20221120_103250-1-scaled.jpg 1153w\" sizes=\"auto, (max-width: 135px) 100vw, 135px\" \/><\/p>\n","protected":false},"excerpt":{"rendered":"<p>Hvad koster det at have sin hest p\u00e5 Favrskov Ridecenter. Fuldpas 4326,- kr.pr md. \/ S\u00e5 f\u00e5r du ud og indluk i alle ugens 5 dage + udluk i weekenden.Du skal selv s\u00f8rge for indluk i weekenden.\u00a0 Udmugning alle 7 dage. H\u00f8\/wrap\u00a0 i boksen + skovkort. Du skal selv s\u00f8rge for foder i afm\u00e5lte poser,\u00a0 [&hellip;]<\/p>\n","protected":false},"author":2,"featured_media":0,"parent":0,"menu_order":0,"comment_status":"closed","ping_status":"closed","template":"","meta":{"footnotes":""},"class_list":["post-42","page","type-page","status-publish","hentry"],"_links":{"self":[{"href":"https:\/\/favrskov-ridecenter.dk\/index.php?rest_route=\/wp\/v2\/pages\/42","targetHints":{"allow":["GET"]}}],"collection":[{"href":"https:\/\/favrskov-ridecenter.dk\/index.php?rest_route=\/wp\/v2\/pages"}],"about":[{"href":"https:\/\/favrskov-ridecenter.dk\/index.php?rest_route=\/wp\/v2\/types\/page"}],"author":[{"embeddable":true,"href":"https:\/\/favrskov-ridecenter.dk\/index.php?rest_route=\/wp\/v2\/users\/2"}],"replies":[{"embeddable":true,"href":"https:\/\/favrskov-ridecenter.dk\/index.php?rest_route=%2Fwp%2Fv2%2Fcomments&post=42"}],"version-history":[{"count":26,"href":"https:\/\/favrskov-ridecenter.dk\/index.php?rest_route=\/wp\/v2\/pages\/42\/revisions"}],"predecessor-version":[{"id":407,"href":"https:\/\/favrskov-ridecenter.dk\/index.php?rest_route=\/wp\/v2\/pages\/42\/revisions\/407"}],"wp:attachment":[{"href":"https:\/\/favrskov-ridecenter.dk\/index.php?rest_route=%2Fwp%2Fv2%2Fmedia&parent=42"}],"curies":[{"name":"wp","href":"https:\/\/api.w.org\/{rel}","templated":true}]}}